{"id":167,"date":"2020-09-16T19:56:13","date_gmt":"2020-09-16T17:56:13","guid":{"rendered":"https:\/\/www.legendessochic.fr\/?page_id=167"},"modified":"2020-12-01T18:39:04","modified_gmt":"2020-12-01T17:39:04","slug":"mariage","status":"publish","type":"page","link":"https:\/\/www.legendessochic.fr\/?page_id=167","title":{"rendered":"Mariage"},"content":{"rendered":"\n<p>So Chic organise avec vous un des plus beaux jours de votre vie de la c\u00e9r\u00e9monie&nbsp;en passant par le cocktail jusqu&rsquo;\u00e0 votre soir\u00e9e&nbsp;<\/p>\n\n\n\n<p>Duo de voix , Groupe avec musiciens 100% live , DJ G\u00e9n\u00e9raliste , pour un style musical qui s&rsquo;adapte \u00e0 vos souhaits&nbsp;<\/p>\n\n\n\n<p>Eclairage et Sonorisation avec un mat\u00e9riel professionnel de qualit\u00e9\u00a0<\/p>\n\n\n\n<figure class=\"wp-block-gallery columns-3 is-cropped wp-block-gallery-1 is-layout-flex wp-block-gallery-is-layout-flex\"><ul class=\"blocks-gallery-grid\"><li class=\"blocks-gallery-item\"><figure><img loading=\"lazy\" decoding=\"async\" width=\"373\" height=\"280\" src=\"https:\/\/www.legendessochic.fr\/wp-content\/uploads\/2020\/11\/122742477_1507264836134715_3248930812050030349_n.jpg\" alt=\"\" data-id=\"246\" data-full-url=\"https:\/\/www.legendessochic.fr\/wp-content\/uploads\/2020\/11\/122742477_1507264836134715_3248930812050030349_n.jpg\" data-link=\"https:\/\/www.legendessochic.fr\/?attachment_id=246\" class=\"wp-image-246\" srcset=\"https:\/\/www.legendessochic.fr\/wp-content\/uploads\/2020\/11\/122742477_1507264836134715_3248930812050030349_n.jpg 373w, https:\/\/www.legendessochic.fr\/wp-content\/uploads\/2020\/11\/122742477_1507264836134715_3248930812050030349_n-300x225.jpg 300w\" sizes=\"auto, (max-width: 373px) 100vw, 373px\" \/><\/figure><\/li><li class=\"blocks-gallery-item\"><figure><img loading=\"lazy\" decoding=\"async\" width=\"420\" height=\"280\" src=\"https:\/\/www.legendessochic.fr\/wp-content\/uploads\/2020\/11\/122771760_1083775938720748_4591962959045191892_n.jpg\" alt=\"\" data-id=\"248\" data-full-url=\"https:\/\/www.legendessochic.fr\/wp-content\/uploads\/2020\/11\/122771760_1083775938720748_4591962959045191892_n.jpg\" data-link=\"https:\/\/www.legendessochic.fr\/?attachment_id=248\" class=\"wp-image-248\" srcset=\"https:\/\/www.legendessochic.fr\/wp-content\/uploads\/2020\/11\/122771760_1083775938720748_4591962959045191892_n.jpg 420w, https:\/\/www.legendessochic.fr\/wp-content\/uploads\/2020\/11\/122771760_1083775938720748_4591962959045191892_n-300x200.jpg 300w\" sizes=\"auto, (max-width: 420px) 100vw, 420px\" \/><\/figure><\/li><li class=\"blocks-gallery-item\"><figure><img loading=\"lazy\" decoding=\"async\" width=\"373\" height=\"280\" src=\"https:\/\/www.legendessochic.fr\/wp-content\/uploads\/2020\/11\/122693208_1231025283945452_6096112925465144658_n.jpg\" alt=\"\" data-id=\"242\" data-full-url=\"https:\/\/www.legendessochic.fr\/wp-content\/uploads\/2020\/11\/122693208_1231025283945452_6096112925465144658_n.jpg\" data-link=\"https:\/\/www.legendessochic.fr\/?attachment_id=242\" class=\"wp-image-242\" srcset=\"https:\/\/www.legendessochic.fr\/wp-content\/uploads\/2020\/11\/122693208_1231025283945452_6096112925465144658_n.jpg 373w, https:\/\/www.legendessochic.fr\/wp-content\/uploads\/2020\/11\/122693208_1231025283945452_6096112925465144658_n-300x225.jpg 300w\" sizes=\"auto, (max-width: 373px) 100vw, 373px\" \/><\/figure><\/li><li class=\"blocks-gallery-item\"><figure><img loading=\"lazy\" decoding=\"async\" width=\"843\" height=\"843\" src=\"https:\/\/www.legendessochic.fr\/wp-content\/uploads\/2020\/11\/44182349_501469617023995_6828329909887172608_o.jpg\" alt=\"\" data-id=\"233\" data-full-url=\"https:\/\/www.legendessochic.fr\/wp-content\/uploads\/2020\/11\/44182349_501469617023995_6828329909887172608_o.jpg\" data-link=\"https:\/\/www.legendessochic.fr\/?attachment_id=233\" class=\"wp-image-233\" srcset=\"https:\/\/www.legendessochic.fr\/wp-content\/uploads\/2020\/11\/44182349_501469617023995_6828329909887172608_o.jpg 843w, https:\/\/www.legendessochic.fr\/wp-content\/uploads\/2020\/11\/44182349_501469617023995_6828329909887172608_o-300x300.jpg 300w, https:\/\/www.legendessochic.fr\/wp-content\/uploads\/2020\/11\/44182349_501469617023995_6828329909887172608_o-150x150.jpg 150w, https:\/\/www.legendessochic.fr\/wp-content\/uploads\/2020\/11\/44182349_501469617023995_6828329909887172608_o-768x768.jpg 768w, https:\/\/www.legendessochic.fr\/wp-content\/uploads\/2020\/11\/44182349_501469617023995_6828329909887172608_o-600x600.jpg 600w, https:\/\/www.legendessochic.fr\/wp-content\/uploads\/2020\/11\/44182349_501469617023995_6828329909887172608_o-100x100.jpg 100w\" sizes=\"auto, (max-width: 843px) 100vw, 843px\" \/><\/figure><\/li><li class=\"blocks-gallery-item\"><figure><img loading=\"lazy\" decoding=\"async\" width=\"280\" height=\"420\" src=\"https:\/\/www.legendessochic.fr\/wp-content\/uploads\/2020\/11\/122690163_346304369972027_1634713697947670437_n.jpg\" alt=\"\" data-id=\"240\" data-full-url=\"https:\/\/www.legendessochic.fr\/wp-content\/uploads\/2020\/11\/122690163_346304369972027_1634713697947670437_n.jpg\" data-link=\"https:\/\/www.legendessochic.fr\/?attachment_id=240\" class=\"wp-image-240\" srcset=\"https:\/\/www.legendessochic.fr\/wp-content\/uploads\/2020\/11\/122690163_346304369972027_1634713697947670437_n.jpg 280w, https:\/\/www.legendessochic.fr\/wp-content\/uploads\/2020\/11\/122690163_346304369972027_1634713697947670437_n-200x300.jpg 200w\" sizes=\"auto, (max-width: 280px) 100vw, 280px\" \/><\/figure><\/li><\/ul><\/figure>\n\n\n\n<p><a href=\"https:\/\/www.mariages.net\/musique-mariage\/so-chic-events--e227382\">https:\/\/www.mariages.net\/musique-mariage\/so-chic-events&#8211;e227382<\/a><\/p>\n","protected":false},"excerpt":{"rendered":"<p>So Chic organise avec vous un des plus beaux jours de votre vie de la c\u00e9r\u00e9monie&nbsp;en passant par le cocktail jusqu&rsquo;\u00e0 votre soir\u00e9e&nbsp; Duo de voix , Groupe avec musiciens 100% live , DJ G\u00e9n\u00e9raliste , pour un style musical qui s&rsquo;adapte \u00e0 vos souhaits&nbsp; Eclairage et Sonorisation avec un mat\u00e9riel professionnel de qualit\u00e9\u00a0 https:\/\/www.mariages.net\/musique-mariage\/so-chic-events&#8211;e227382<\/p>\n","protected":false},"author":2,"featured_media":0,"parent":0,"menu_order":0,"comment_status":"closed","ping_status":"closed","template":"","meta":{"footnotes":""},"class_list":["post-167","page","type-page","status-publish","hentry"],"yoast_head":"<!-- This site is optimized with the Yoast SEO plugin v27.5 - https:\/\/yoast.com\/product\/yoast-seo-wordpress\/ -->\n<title>Mariage - So Chic Events<\/title>\n<meta name=\"robots\" content=\"index, follow, max-snippet:-1, max-image-preview:large, max-video-preview:-1\" \/>\n<link rel=\"canonical\" href=\"https:\/\/www.legendessochic.fr\/?page_id=167\" \/>\n<meta property=\"og:locale\" content=\"fr_FR\" \/>\n<meta property=\"og:type\" content=\"article\" \/>\n<meta property=\"og:title\" content=\"Mariage - So Chic Events\" \/>\n<meta property=\"og:description\" content=\"So Chic organise avec vous un des plus beaux jours de votre vie de la c\u00e9r\u00e9monie&nbsp;en passant par le cocktail jusqu&rsquo;\u00e0 votre soir\u00e9e&nbsp; Duo de voix , Groupe avec musiciens 100% live , DJ G\u00e9n\u00e9raliste , pour un style musical qui s&rsquo;adapte \u00e0 vos souhaits&nbsp; Eclairage et Sonorisation avec un mat\u00e9riel professionnel de qualit\u00e9\u00a0 https:\/\/www.mariages.net\/musique-mariage\/so-chic-events&#8211;e227382\" \/>\n<meta property=\"og:url\" content=\"https:\/\/www.legendessochic.fr\/?page_id=167\" \/>\n<meta property=\"og:site_name\" content=\"So Chic Events\" \/>\n<meta property=\"article:publisher\" content=\"https:\/\/www.facebook.com\/So-chic-294537447409202\" \/>\n<meta property=\"article:modified_time\" content=\"2020-12-01T17:39:04+00:00\" \/>\n<meta property=\"og:image\" content=\"https:\/\/www.legendessochic.fr\/wp-content\/uploads\/2020\/11\/122742477_1507264836134715_3248930812050030349_n.jpg\" \/>\n<meta name=\"twitter:card\" content=\"summary_large_image\" \/>\n<script type=\"application\/ld+json\" class=\"yoast-schema-graph\">{\"@context\":\"https:\\\/\\\/schema.org\",\"@graph\":[{\"@type\":\"WebPage\",\"@id\":\"https:\\\/\\\/www.legendessochic.fr\\\/?page_id=167\",\"url\":\"https:\\\/\\\/www.legendessochic.fr\\\/?page_id=167\",\"name\":\"Mariage - So Chic Events\",\"isPartOf\":{\"@id\":\"https:\\\/\\\/www.legendessochic.fr\\\/#website\"},\"primaryImageOfPage\":{\"@id\":\"https:\\\/\\\/www.legendessochic.fr\\\/?page_id=167#primaryimage\"},\"image\":{\"@id\":\"https:\\\/\\\/www.legendessochic.fr\\\/?page_id=167#primaryimage\"},\"thumbnailUrl\":\"https:\\\/\\\/www.legendessochic.fr\\\/wp-content\\\/uploads\\\/2020\\\/11\\\/122742477_1507264836134715_3248930812050030349_n.jpg\",\"datePublished\":\"2020-09-16T17:56:13+00:00\",\"dateModified\":\"2020-12-01T17:39:04+00:00\",\"breadcrumb\":{\"@id\":\"https:\\\/\\\/www.legendessochic.fr\\\/?page_id=167#breadcrumb\"},\"inLanguage\":\"fr-FR\",\"potentialAction\":[{\"@type\":\"ReadAction\",\"target\":[\"https:\\\/\\\/www.legendessochic.fr\\\/?page_id=167\"]}]},{\"@type\":\"ImageObject\",\"inLanguage\":\"fr-FR\",\"@id\":\"https:\\\/\\\/www.legendessochic.fr\\\/?page_id=167#primaryimage\",\"url\":\"https:\\\/\\\/www.legendessochic.fr\\\/wp-content\\\/uploads\\\/2020\\\/11\\\/122742477_1507264836134715_3248930812050030349_n.jpg\",\"contentUrl\":\"https:\\\/\\\/www.legendessochic.fr\\\/wp-content\\\/uploads\\\/2020\\\/11\\\/122742477_1507264836134715_3248930812050030349_n.jpg\",\"width\":373,\"height\":280},{\"@type\":\"BreadcrumbList\",\"@id\":\"https:\\\/\\\/www.legendessochic.fr\\\/?page_id=167#breadcrumb\",\"itemListElement\":[{\"@type\":\"ListItem\",\"position\":1,\"name\":\"Accueil\",\"item\":\"https:\\\/\\\/www.legendessochic.fr\\\/\"},{\"@type\":\"ListItem\",\"position\":2,\"name\":\"Mariage\"}]},{\"@type\":\"WebSite\",\"@id\":\"https:\\\/\\\/www.legendessochic.fr\\\/#website\",\"url\":\"https:\\\/\\\/www.legendessochic.fr\\\/\",\"name\":\"Legendessochic\",\"description\":\"\",\"publisher\":{\"@id\":\"https:\\\/\\\/www.legendessochic.fr\\\/#organization\"},\"potentialAction\":[{\"@type\":\"SearchAction\",\"target\":{\"@type\":\"EntryPoint\",\"urlTemplate\":\"https:\\\/\\\/www.legendessochic.fr\\\/?s={search_term_string}\"},\"query-input\":{\"@type\":\"PropertyValueSpecification\",\"valueRequired\":true,\"valueName\":\"search_term_string\"}}],\"inLanguage\":\"fr-FR\"},{\"@type\":\"Organization\",\"@id\":\"https:\\\/\\\/www.legendessochic.fr\\\/#organization\",\"name\":\"So Chic events\",\"url\":\"https:\\\/\\\/www.legendessochic.fr\\\/\",\"logo\":{\"@type\":\"ImageObject\",\"inLanguage\":\"fr-FR\",\"@id\":\"https:\\\/\\\/www.legendessochic.fr\\\/#\\\/schema\\\/logo\\\/image\\\/\",\"url\":\"https:\\\/\\\/www.legendessochic.fr\\\/wp-content\\\/uploads\\\/2020\\\/08\\\/cropped-Logo-2.png\",\"contentUrl\":\"https:\\\/\\\/www.legendessochic.fr\\\/wp-content\\\/uploads\\\/2020\\\/08\\\/cropped-Logo-2.png\",\"width\":1697,\"height\":500,\"caption\":\"So Chic events\"},\"image\":{\"@id\":\"https:\\\/\\\/www.legendessochic.fr\\\/#\\\/schema\\\/logo\\\/image\\\/\"},\"sameAs\":[\"https:\\\/\\\/www.facebook.com\\\/So-chic-294537447409202\"]}]}<\/script>\n<!-- \/ Yoast SEO plugin. -->","yoast_head_json":{"title":"Mariage - So Chic Events","robots":{"index":"index","follow":"follow","max-snippet":"max-snippet:-1","max-image-preview":"max-image-preview:large","max-video-preview":"max-video-preview:-1"},"canonical":"https:\/\/www.legendessochic.fr\/?page_id=167","og_locale":"fr_FR","og_type":"article","og_title":"Mariage - So Chic Events","og_description":"So Chic organise avec vous un des plus beaux jours de votre vie de la c\u00e9r\u00e9monie&nbsp;en passant par le cocktail jusqu&rsquo;\u00e0 votre soir\u00e9e&nbsp; Duo de voix , Groupe avec musiciens 100% live , DJ G\u00e9n\u00e9raliste , pour un style musical qui s&rsquo;adapte \u00e0 vos souhaits&nbsp; Eclairage et Sonorisation avec un mat\u00e9riel professionnel de qualit\u00e9\u00a0 https:\/\/www.mariages.net\/musique-mariage\/so-chic-events&#8211;e227382","og_url":"https:\/\/www.legendessochic.fr\/?page_id=167","og_site_name":"So Chic Events","article_publisher":"https:\/\/www.facebook.com\/So-chic-294537447409202","article_modified_time":"2020-12-01T17:39:04+00:00","og_image":[{"url":"https:\/\/www.legendessochic.fr\/wp-content\/uploads\/2020\/11\/122742477_1507264836134715_3248930812050030349_n.jpg","type":"","width":"","height":""}],"twitter_card":"summary_large_image","schema":{"@context":"https:\/\/schema.org","@graph":[{"@type":"WebPage","@id":"https:\/\/www.legendessochic.fr\/?page_id=167","url":"https:\/\/www.legendessochic.fr\/?page_id=167","name":"Mariage - So Chic Events","isPartOf":{"@id":"https:\/\/www.legendessochic.fr\/#website"},"primaryImageOfPage":{"@id":"https:\/\/www.legendessochic.fr\/?page_id=167#primaryimage"},"image":{"@id":"https:\/\/www.legendessochic.fr\/?page_id=167#primaryimage"},"thumbnailUrl":"https:\/\/www.legendessochic.fr\/wp-content\/uploads\/2020\/11\/122742477_1507264836134715_3248930812050030349_n.jpg","datePublished":"2020-09-16T17:56:13+00:00","dateModified":"2020-12-01T17:39:04+00:00","breadcrumb":{"@id":"https:\/\/www.legendessochic.fr\/?page_id=167#breadcrumb"},"inLanguage":"fr-FR","potentialAction":[{"@type":"ReadAction","target":["https:\/\/www.legendessochic.fr\/?page_id=167"]}]},{"@type":"ImageObject","inLanguage":"fr-FR","@id":"https:\/\/www.legendessochic.fr\/?page_id=167#primaryimage","url":"https:\/\/www.legendessochic.fr\/wp-content\/uploads\/2020\/11\/122742477_1507264836134715_3248930812050030349_n.jpg","contentUrl":"https:\/\/www.legendessochic.fr\/wp-content\/uploads\/2020\/11\/122742477_1507264836134715_3248930812050030349_n.jpg","width":373,"height":280},{"@type":"BreadcrumbList","@id":"https:\/\/www.legendessochic.fr\/?page_id=167#breadcrumb","itemListElement":[{"@type":"ListItem","position":1,"name":"Accueil","item":"https:\/\/www.legendessochic.fr\/"},{"@type":"ListItem","position":2,"name":"Mariage"}]},{"@type":"WebSite","@id":"https:\/\/www.legendessochic.fr\/#website","url":"https:\/\/www.legendessochic.fr\/","name":"Legendessochic","description":"","publisher":{"@id":"https:\/\/www.legendessochic.fr\/#organization"},"potentialAction":[{"@type":"SearchAction","target":{"@type":"EntryPoint","urlTemplate":"https:\/\/www.legendessochic.fr\/?s={search_term_string}"},"query-input":{"@type":"PropertyValueSpecification","valueRequired":true,"valueName":"search_term_string"}}],"inLanguage":"fr-FR"},{"@type":"Organization","@id":"https:\/\/www.legendessochic.fr\/#organization","name":"So Chic events","url":"https:\/\/www.legendessochic.fr\/","logo":{"@type":"ImageObject","inLanguage":"fr-FR","@id":"https:\/\/www.legendessochic.fr\/#\/schema\/logo\/image\/","url":"https:\/\/www.legendessochic.fr\/wp-content\/uploads\/2020\/08\/cropped-Logo-2.png","contentUrl":"https:\/\/www.legendessochic.fr\/wp-content\/uploads\/2020\/08\/cropped-Logo-2.png","width":1697,"height":500,"caption":"So Chic events"},"image":{"@id":"https:\/\/www.legendessochic.fr\/#\/schema\/logo\/image\/"},"sameAs":["https:\/\/www.facebook.com\/So-chic-294537447409202"]}]}},"jetpack_sharing_enabled":true,"_links":{"self":[{"href":"https:\/\/www.legendessochic.fr\/index.php?rest_route=\/wp\/v2\/pages\/167","targetHints":{"allow":["GET"]}}],"collection":[{"href":"https:\/\/www.legendessochic.fr\/index.php?rest_route=\/wp\/v2\/pages"}],"about":[{"href":"https:\/\/www.legendessochic.fr\/index.php?rest_route=\/wp\/v2\/types\/page"}],"author":[{"embeddable":true,"href":"https:\/\/www.legendessochic.fr\/index.php?rest_route=\/wp\/v2\/users\/2"}],"replies":[{"embeddable":true,"href":"https:\/\/www.legendessochic.fr\/index.php?rest_route=%2Fwp%2Fv2%2Fcomments&post=167"}],"version-history":[{"count":3,"href":"https:\/\/www.legendessochic.fr\/index.php?rest_route=\/wp\/v2\/pages\/167\/revisions"}],"predecessor-version":[{"id":272,"href":"https:\/\/www.legendessochic.fr\/index.php?rest_route=\/wp\/v2\/pages\/167\/revisions\/272"}],"wp:attachment":[{"href":"https:\/\/www.legendessochic.fr\/index.php?rest_route=%2Fwp%2Fv2%2Fmedia&parent=167"}],"curies":[{"name":"wp","href":"https:\/\/api.w.org\/{rel}","templated":true}]}}