{"id":20,"date":"2020-08-20T13:09:55","date_gmt":"2020-08-20T11:09:55","guid":{"rendered":"https:\/\/www.legendessochic.fr\/?page_id=20"},"modified":"2025-08-28T18:26:22","modified_gmt":"2025-08-28T16:26:22","slug":"actualites","status":"publish","type":"page","link":"https:\/\/www.legendessochic.fr\/?page_id=20","title":{"rendered":"Actualit\u00e9s"},"content":{"rendered":"\n<h2 class=\"wp-block-heading has-text-align-left\">A ne pas manquer<em> !!!<\/em><\/h2>\n\n\n\n<p>Ambiance garantie, public en transe, et souvenirs plein la t\u00eate.<\/p>\n\n\n\n<p>R\u00e9servez-vite ! le dancefloor vous attend !!!!<\/p>\n\n\n\n<div class=\"wp-block-group is-nowrap is-layout-flex wp-container-core-group-is-layout-6c531013 wp-block-group-is-layout-flex\">\n<figure class=\"wp-block-image size-large\"><img loading=\"lazy\" decoding=\"async\" width=\"724\" height=\"1024\" src=\"https:\/\/www.legendessochic.fr\/wp-content\/uploads\/2025\/08\/Renseignements-et-reservations-Patrick-07-86-43-63-53-Pierre-06-23-72-94-65-patsochic@gmail.com-billetterie-sur-www.legendessochic.fr-1-724x1024.png\" alt=\"\" class=\"wp-image-522\" srcset=\"https:\/\/www.legendessochic.fr\/wp-content\/uploads\/2025\/08\/Renseignements-et-reservations-Patrick-07-86-43-63-53-Pierre-06-23-72-94-65-patsochic@gmail.com-billetterie-sur-www.legendessochic.fr-1-724x1024.png 724w, https:\/\/www.legendessochic.fr\/wp-content\/uploads\/2025\/08\/Renseignements-et-reservations-Patrick-07-86-43-63-53-Pierre-06-23-72-94-65-patsochic@gmail.com-billetterie-sur-www.legendessochic.fr-1-212x300.png 212w, https:\/\/www.legendessochic.fr\/wp-content\/uploads\/2025\/08\/Renseignements-et-reservations-Patrick-07-86-43-63-53-Pierre-06-23-72-94-65-patsochic@gmail.com-billetterie-sur-www.legendessochic.fr-1-17x24.png 17w, https:\/\/www.legendessochic.fr\/wp-content\/uploads\/2025\/08\/Renseignements-et-reservations-Patrick-07-86-43-63-53-Pierre-06-23-72-94-65-patsochic@gmail.com-billetterie-sur-www.legendessochic.fr-1-25x36.png 25w, https:\/\/www.legendessochic.fr\/wp-content\/uploads\/2025\/08\/Renseignements-et-reservations-Patrick-07-86-43-63-53-Pierre-06-23-72-94-65-patsochic@gmail.com-billetterie-sur-www.legendessochic.fr-1-34x48.png 34w, https:\/\/www.legendessochic.fr\/wp-content\/uploads\/2025\/08\/Renseignements-et-reservations-Patrick-07-86-43-63-53-Pierre-06-23-72-94-65-patsochic@gmail.com-billetterie-sur-www.legendessochic.fr-1.png 1587w\" sizes=\"auto, (max-width: 724px) 100vw, 724px\" \/><\/figure>\n\n\n\n\n\n<p><a href=\"https:\/\/www.billetweb.fr\/top-501\" target=\"_blank\" rel=\"noreferrer noopener\">billetweb.fr\/top-50-2025(ouvre un nouvel onglet)<\/a><\/p>\n<\/div>\n\n\n\n<p><a href=\"https:\/\/www.messenger.com\/t\/patrick.billaud.528#\"><\/a><\/p>\n\n\n\n<p><span class=\"has-inline-color has-white-color\"><\/span><\/p>\n\n\n\n\n\n\n\n<p><\/p>\n\n\n\n\n\n\n\n<div class=\"wp-block-buttons is-layout-flex wp-block-buttons-is-layout-flex\">\n\n<\/div>\n\n\n\n\n\n\n\n\n\n\n\n<figure class=\"wp-block-gallery has-nested-images columns-default is-cropped wp-block-gallery-1 is-layout-flex wp-block-gallery-is-layout-flex\"><\/figure>\n\n\n\n\n\n<div class=\"wp-block-buttons is-layout-flex wp-block-buttons-is-layout-flex\"><\/div>\n\n\n<div class=\"wp-block-jetpack-ai-assistant\"><\/div>\n\n<div class=\"wp-block-jetpack-ai-assistant\"><\/div>","protected":false},"excerpt":{"rendered":"<p>A ne pas manquer !!! Ambiance garantie, public en transe, et souvenirs plein la t\u00eate. R\u00e9servez-vite ! le dancefloor vous attend !!!! billetweb.fr\/top-50-2025(ouvre un nouvel onglet)<\/p>\n","protected":false},"author":2,"featured_media":0,"parent":0,"menu_order":0,"comment_status":"closed","ping_status":"closed","template":"","meta":{"footnotes":""},"class_list":["post-20","page","type-page","status-publish","hentry"],"yoast_head":"<!-- This site is optimized with the Yoast SEO plugin v27.5 - https:\/\/yoast.com\/product\/yoast-seo-wordpress\/ -->\n<title>Actualit\u00e9s - So Chic Events<\/title>\n<meta name=\"description\" content=\"Le groupe So Chic d\u00e9barque avec son &quot;Top 50&quot;, un spectacle live explosif qui revisite les plus grands tubes des ann\u00e9es 80 \/90 et bien plus encore! Des hits inoubliables, des chor\u00e9graphies enflamm\u00e9es, une \u00e9nergie d\u00e9bordante ...\" \/>\n<meta name=\"robots\" content=\"index, follow, max-snippet:-1, max-image-preview:large, max-video-preview:-1\" \/>\n<link rel=\"canonical\" href=\"https:\/\/www.legendessochic.fr\/?page_id=20\" \/>\n<meta property=\"og:locale\" content=\"fr_FR\" \/>\n<meta property=\"og:type\" content=\"article\" \/>\n<meta property=\"og:title\" content=\"Actualit\u00e9s - So Chic Events\" \/>\n<meta property=\"og:description\" content=\"Le groupe So Chic d\u00e9barque avec son &quot;Top 50&quot;, un spectacle live explosif qui revisite les plus grands tubes des ann\u00e9es 80 \/90 et bien plus encore! Des hits inoubliables, des chor\u00e9graphies enflamm\u00e9es, une \u00e9nergie d\u00e9bordante ...\" \/>\n<meta property=\"og:url\" content=\"https:\/\/www.legendessochic.fr\/?page_id=20\" \/>\n<meta property=\"og:site_name\" content=\"So Chic Events\" \/>\n<meta property=\"article:publisher\" content=\"https:\/\/www.facebook.com\/So-chic-294537447409202\" \/>\n<meta property=\"article:modified_time\" content=\"2025-08-28T16:26:22+00:00\" \/>\n<meta property=\"og:image\" content=\"https:\/\/www.legendessochic.fr\/wp-content\/uploads\/2025\/08\/Renseignements-et-reservations-Patrick-07-86-43-63-53-Pierre-06-23-72-94-65-patsochic@gmail.com-billetterie-sur-www.legendessochic.fr-1-724x1024.png\" \/>\n\t<meta property=\"og:image:width\" content=\"724\" \/>\n\t<meta property=\"og:image:height\" content=\"1024\" \/>\n\t<meta property=\"og:image:type\" content=\"image\/png\" \/>\n<meta name=\"twitter:card\" content=\"summary_large_image\" \/>\n<meta name=\"twitter:label1\" content=\"Dur\u00e9e de lecture estim\u00e9e\" \/>\n\t<meta name=\"twitter:data1\" content=\"3 minutes\" \/>\n<script type=\"application\/ld+json\" class=\"yoast-schema-graph\">{\"@context\":\"https:\\\/\\\/schema.org\",\"@graph\":[{\"@type\":\"WebPage\",\"@id\":\"https:\\\/\\\/www.legendessochic.fr\\\/?page_id=20\",\"url\":\"https:\\\/\\\/www.legendessochic.fr\\\/?page_id=20\",\"name\":\"Actualit\u00e9s - So Chic Events\",\"isPartOf\":{\"@id\":\"https:\\\/\\\/www.legendessochic.fr\\\/#website\"},\"primaryImageOfPage\":{\"@id\":\"https:\\\/\\\/www.legendessochic.fr\\\/?page_id=20#primaryimage\"},\"image\":{\"@id\":\"https:\\\/\\\/www.legendessochic.fr\\\/?page_id=20#primaryimage\"},\"thumbnailUrl\":\"https:\\\/\\\/www.legendessochic.fr\\\/wp-content\\\/uploads\\\/2025\\\/08\\\/Renseignements-et-reservations-Patrick-07-86-43-63-53-Pierre-06-23-72-94-65-patsochic@gmail.com-billetterie-sur-www.legendessochic.fr-1-724x1024.png\",\"datePublished\":\"2020-08-20T11:09:55+00:00\",\"dateModified\":\"2025-08-28T16:26:22+00:00\",\"description\":\"Le groupe So Chic d\u00e9barque avec son \\\"Top 50\\\", un spectacle live explosif qui revisite les plus grands tubes des ann\u00e9es 80 \\\/90 et bien plus encore! Des hits inoubliables, des chor\u00e9graphies enflamm\u00e9es, une \u00e9nergie d\u00e9bordante ...\",\"breadcrumb\":{\"@id\":\"https:\\\/\\\/www.legendessochic.fr\\\/?page_id=20#breadcrumb\"},\"inLanguage\":\"fr-FR\",\"potentialAction\":[{\"@type\":\"ReadAction\",\"target\":[\"https:\\\/\\\/www.legendessochic.fr\\\/?page_id=20\"]}]},{\"@type\":\"ImageObject\",\"inLanguage\":\"fr-FR\",\"@id\":\"https:\\\/\\\/www.legendessochic.fr\\\/?page_id=20#primaryimage\",\"url\":\"https:\\\/\\\/www.legendessochic.fr\\\/wp-content\\\/uploads\\\/2025\\\/08\\\/Renseignements-et-reservations-Patrick-07-86-43-63-53-Pierre-06-23-72-94-65-patsochic@gmail.com-billetterie-sur-www.legendessochic.fr-1.png\",\"contentUrl\":\"https:\\\/\\\/www.legendessochic.fr\\\/wp-content\\\/uploads\\\/2025\\\/08\\\/Renseignements-et-reservations-Patrick-07-86-43-63-53-Pierre-06-23-72-94-65-patsochic@gmail.com-billetterie-sur-www.legendessochic.fr-1.png\",\"width\":1587,\"height\":2245},{\"@type\":\"BreadcrumbList\",\"@id\":\"https:\\\/\\\/www.legendessochic.fr\\\/?page_id=20#breadcrumb\",\"itemListElement\":[{\"@type\":\"ListItem\",\"position\":1,\"name\":\"Accueil\",\"item\":\"https:\\\/\\\/www.legendessochic.fr\\\/\"},{\"@type\":\"ListItem\",\"position\":2,\"name\":\"Actualit\u00e9s\"}]},{\"@type\":\"WebSite\",\"@id\":\"https:\\\/\\\/www.legendessochic.fr\\\/#website\",\"url\":\"https:\\\/\\\/www.legendessochic.fr\\\/\",\"name\":\"Legendessochic\",\"description\":\"\",\"publisher\":{\"@id\":\"https:\\\/\\\/www.legendessochic.fr\\\/#organization\"},\"potentialAction\":[{\"@type\":\"SearchAction\",\"target\":{\"@type\":\"EntryPoint\",\"urlTemplate\":\"https:\\\/\\\/www.legendessochic.fr\\\/?s={search_term_string}\"},\"query-input\":{\"@type\":\"PropertyValueSpecification\",\"valueRequired\":true,\"valueName\":\"search_term_string\"}}],\"inLanguage\":\"fr-FR\"},{\"@type\":\"Organization\",\"@id\":\"https:\\\/\\\/www.legendessochic.fr\\\/#organization\",\"name\":\"So Chic events\",\"url\":\"https:\\\/\\\/www.legendessochic.fr\\\/\",\"logo\":{\"@type\":\"ImageObject\",\"inLanguage\":\"fr-FR\",\"@id\":\"https:\\\/\\\/www.legendessochic.fr\\\/#\\\/schema\\\/logo\\\/image\\\/\",\"url\":\"https:\\\/\\\/www.legendessochic.fr\\\/wp-content\\\/uploads\\\/2020\\\/08\\\/cropped-Logo-2.png\",\"contentUrl\":\"https:\\\/\\\/www.legendessochic.fr\\\/wp-content\\\/uploads\\\/2020\\\/08\\\/cropped-Logo-2.png\",\"width\":1697,\"height\":500,\"caption\":\"So Chic events\"},\"image\":{\"@id\":\"https:\\\/\\\/www.legendessochic.fr\\\/#\\\/schema\\\/logo\\\/image\\\/\"},\"sameAs\":[\"https:\\\/\\\/www.facebook.com\\\/So-chic-294537447409202\"]}]}<\/script>\n<!-- \/ Yoast SEO plugin. -->","yoast_head_json":{"title":"Actualit\u00e9s - So Chic Events","description":"Le groupe So Chic d\u00e9barque avec son \"Top 50\", un spectacle live explosif qui revisite les plus grands tubes des ann\u00e9es 80 \/90 et bien plus encore! Des hits inoubliables, des chor\u00e9graphies enflamm\u00e9es, une \u00e9nergie d\u00e9bordante ...","robots":{"index":"index","follow":"follow","max-snippet":"max-snippet:-1","max-image-preview":"max-image-preview:large","max-video-preview":"max-video-preview:-1"},"canonical":"https:\/\/www.legendessochic.fr\/?page_id=20","og_locale":"fr_FR","og_type":"article","og_title":"Actualit\u00e9s - So Chic Events","og_description":"Le groupe So Chic d\u00e9barque avec son \"Top 50\", un spectacle live explosif qui revisite les plus grands tubes des ann\u00e9es 80 \/90 et bien plus encore! Des hits inoubliables, des chor\u00e9graphies enflamm\u00e9es, une \u00e9nergie d\u00e9bordante ...","og_url":"https:\/\/www.legendessochic.fr\/?page_id=20","og_site_name":"So Chic Events","article_publisher":"https:\/\/www.facebook.com\/So-chic-294537447409202","article_modified_time":"2025-08-28T16:26:22+00:00","og_image":[{"width":724,"height":1024,"url":"https:\/\/www.legendessochic.fr\/wp-content\/uploads\/2025\/08\/Renseignements-et-reservations-Patrick-07-86-43-63-53-Pierre-06-23-72-94-65-patsochic@gmail.com-billetterie-sur-www.legendessochic.fr-1-724x1024.png","type":"image\/png"}],"twitter_card":"summary_large_image","twitter_misc":{"Dur\u00e9e de lecture estim\u00e9e":"3 minutes"},"schema":{"@context":"https:\/\/schema.org","@graph":[{"@type":"WebPage","@id":"https:\/\/www.legendessochic.fr\/?page_id=20","url":"https:\/\/www.legendessochic.fr\/?page_id=20","name":"Actualit\u00e9s - So Chic Events","isPartOf":{"@id":"https:\/\/www.legendessochic.fr\/#website"},"primaryImageOfPage":{"@id":"https:\/\/www.legendessochic.fr\/?page_id=20#primaryimage"},"image":{"@id":"https:\/\/www.legendessochic.fr\/?page_id=20#primaryimage"},"thumbnailUrl":"https:\/\/www.legendessochic.fr\/wp-content\/uploads\/2025\/08\/Renseignements-et-reservations-Patrick-07-86-43-63-53-Pierre-06-23-72-94-65-patsochic@gmail.com-billetterie-sur-www.legendessochic.fr-1-724x1024.png","datePublished":"2020-08-20T11:09:55+00:00","dateModified":"2025-08-28T16:26:22+00:00","description":"Le groupe So Chic d\u00e9barque avec son \"Top 50\", un spectacle live explosif qui revisite les plus grands tubes des ann\u00e9es 80 \/90 et bien plus encore! Des hits inoubliables, des chor\u00e9graphies enflamm\u00e9es, une \u00e9nergie d\u00e9bordante ...","breadcrumb":{"@id":"https:\/\/www.legendessochic.fr\/?page_id=20#breadcrumb"},"inLanguage":"fr-FR","potentialAction":[{"@type":"ReadAction","target":["https:\/\/www.legendessochic.fr\/?page_id=20"]}]},{"@type":"ImageObject","inLanguage":"fr-FR","@id":"https:\/\/www.legendessochic.fr\/?page_id=20#primaryimage","url":"https:\/\/www.legendessochic.fr\/wp-content\/uploads\/2025\/08\/Renseignements-et-reservations-Patrick-07-86-43-63-53-Pierre-06-23-72-94-65-patsochic@gmail.com-billetterie-sur-www.legendessochic.fr-1.png","contentUrl":"https:\/\/www.legendessochic.fr\/wp-content\/uploads\/2025\/08\/Renseignements-et-reservations-Patrick-07-86-43-63-53-Pierre-06-23-72-94-65-patsochic@gmail.com-billetterie-sur-www.legendessochic.fr-1.png","width":1587,"height":2245},{"@type":"BreadcrumbList","@id":"https:\/\/www.legendessochic.fr\/?page_id=20#breadcrumb","itemListElement":[{"@type":"ListItem","position":1,"name":"Accueil","item":"https:\/\/www.legendessochic.fr\/"},{"@type":"ListItem","position":2,"name":"Actualit\u00e9s"}]},{"@type":"WebSite","@id":"https:\/\/www.legendessochic.fr\/#website","url":"https:\/\/www.legendessochic.fr\/","name":"Legendessochic","description":"","publisher":{"@id":"https:\/\/www.legendessochic.fr\/#organization"},"potentialAction":[{"@type":"SearchAction","target":{"@type":"EntryPoint","urlTemplate":"https:\/\/www.legendessochic.fr\/?s={search_term_string}"},"query-input":{"@type":"PropertyValueSpecification","valueRequired":true,"valueName":"search_term_string"}}],"inLanguage":"fr-FR"},{"@type":"Organization","@id":"https:\/\/www.legendessochic.fr\/#organization","name":"So Chic events","url":"https:\/\/www.legendessochic.fr\/","logo":{"@type":"ImageObject","inLanguage":"fr-FR","@id":"https:\/\/www.legendessochic.fr\/#\/schema\/logo\/image\/","url":"https:\/\/www.legendessochic.fr\/wp-content\/uploads\/2020\/08\/cropped-Logo-2.png","contentUrl":"https:\/\/www.legendessochic.fr\/wp-content\/uploads\/2020\/08\/cropped-Logo-2.png","width":1697,"height":500,"caption":"So Chic events"},"image":{"@id":"https:\/\/www.legendessochic.fr\/#\/schema\/logo\/image\/"},"sameAs":["https:\/\/www.facebook.com\/So-chic-294537447409202"]}]}},"jetpack_sharing_enabled":true,"_links":{"self":[{"href":"https:\/\/www.legendessochic.fr\/index.php?rest_route=\/wp\/v2\/pages\/20","targetHints":{"allow":["GET"]}}],"collection":[{"href":"https:\/\/www.legendessochic.fr\/index.php?rest_route=\/wp\/v2\/pages"}],"about":[{"href":"https:\/\/www.legendessochic.fr\/index.php?rest_route=\/wp\/v2\/types\/page"}],"author":[{"embeddable":true,"href":"https:\/\/www.legendessochic.fr\/index.php?rest_route=\/wp\/v2\/users\/2"}],"replies":[{"embeddable":true,"href":"https:\/\/www.legendessochic.fr\/index.php?rest_route=%2Fwp%2Fv2%2Fcomments&post=20"}],"version-history":[{"count":58,"href":"https:\/\/www.legendessochic.fr\/index.php?rest_route=\/wp\/v2\/pages\/20\/revisions"}],"predecessor-version":[{"id":540,"href":"https:\/\/www.legendessochic.fr\/index.php?rest_route=\/wp\/v2\/pages\/20\/revisions\/540"}],"wp:attachment":[{"href":"https:\/\/www.legendessochic.fr\/index.php?rest_route=%2Fwp%2Fv2%2Fmedia&parent=20"}],"curies":[{"name":"wp","href":"https:\/\/api.w.org\/{rel}","templated":true}]}}