{"id":22,"date":"2020-08-20T13:10:28","date_gmt":"2020-08-20T11:10:28","guid":{"rendered":"https:\/\/www.legendessochic.fr\/?page_id=22"},"modified":"2025-08-28T17:42:06","modified_gmt":"2025-08-28T15:42:06","slug":"le-bistrot-fait-son-top-50","status":"publish","type":"page","link":"https:\/\/www.legendessochic.fr\/?page_id=22","title":{"rendered":"le bistrot fait son top 50"},"content":{"rendered":"\n<p>Le groupe So Chic d\u00e9barque avec son \u00ab\u00a0Top 50\u00a0\u00bb, un spectacle live explosif qui revisite les plus grands tubes des ann\u00e9es 80 \/90 et bien plus encore !<\/p>\n\n\n\n<p>Des hit inoubliables, des chor\u00e9graphies enflamm\u00e9es, une \u00e9nergie d\u00e9bordante &#8230;TOP 50, c&rsquo;est bien plus qu&rsquo;un spectacle, c&rsquo;est une machine \u00e0 remonter le temps, version dancefloor !<\/p>\n\n\n\n<p><\/p>\n\n\n\n<p><\/p>\n\n\n\n<figure class=\"wp-block-image size-large is-resized\"><img loading=\"lazy\" decoding=\"async\" width=\"1024\" height=\"683\" src=\"https:\/\/www.legendessochic.fr\/wp-content\/uploads\/2025\/08\/AB5A0786-1024x683.jpg\" alt=\"\" class=\"wp-image-526\" style=\"width:840px;height:560px\" srcset=\"https:\/\/www.legendessochic.fr\/wp-content\/uploads\/2025\/08\/AB5A0786-1024x683.jpg 1024w, https:\/\/www.legendessochic.fr\/wp-content\/uploads\/2025\/08\/AB5A0786-300x200.jpg 300w, https:\/\/www.legendessochic.fr\/wp-content\/uploads\/2025\/08\/AB5A0786-391x260.jpg 391w, https:\/\/www.legendessochic.fr\/wp-content\/uploads\/2025\/08\/AB5A0786-24x16.jpg 24w, https:\/\/www.legendessochic.fr\/wp-content\/uploads\/2025\/08\/AB5A0786-36x24.jpg 36w, https:\/\/www.legendessochic.fr\/wp-content\/uploads\/2025\/08\/AB5A0786-48x32.jpg 48w\" sizes=\"auto, (max-width: 1024px) 100vw, 1024px\" \/><\/figure>\n\n\n\n<figure class=\"wp-block-image size-large\"><img loading=\"lazy\" decoding=\"async\" width=\"768\" height=\"1024\" src=\"https:\/\/www.legendessochic.fr\/wp-content\/uploads\/2022\/09\/309289421_1058495771700149_4655975650724308489_n-768x1024.jpg\" alt=\"\" class=\"wp-image-386\" srcset=\"https:\/\/www.legendessochic.fr\/wp-content\/uploads\/2022\/09\/309289421_1058495771700149_4655975650724308489_n-768x1024.jpg 768w, https:\/\/www.legendessochic.fr\/wp-content\/uploads\/2022\/09\/309289421_1058495771700149_4655975650724308489_n-225x300.jpg 225w, https:\/\/www.legendessochic.fr\/wp-content\/uploads\/2022\/09\/309289421_1058495771700149_4655975650724308489_n-300x400.jpg 300w, https:\/\/www.legendessochic.fr\/wp-content\/uploads\/2022\/09\/309289421_1058495771700149_4655975650724308489_n-600x800.jpg 600w, https:\/\/www.legendessochic.fr\/wp-content\/uploads\/2022\/09\/309289421_1058495771700149_4655975650724308489_n.jpg 1080w\" sizes=\"auto, (max-width: 768px) 100vw, 768px\" \/><\/figure>\n\n\n\n<figure class=\"wp-block-image size-large\"><img loading=\"lazy\" decoding=\"async\" width=\"1024\" height=\"575\" src=\"https:\/\/www.legendessochic.fr\/wp-content\/uploads\/2022\/09\/309341948_1127311561543843_7007936236672770379_n-1024x575.jpg\" alt=\"\" class=\"wp-image-387\" srcset=\"https:\/\/www.legendessochic.fr\/wp-content\/uploads\/2022\/09\/309341948_1127311561543843_7007936236672770379_n-1024x575.jpg 1024w, https:\/\/www.legendessochic.fr\/wp-content\/uploads\/2022\/09\/309341948_1127311561543843_7007936236672770379_n-300x169.jpg 300w, https:\/\/www.legendessochic.fr\/wp-content\/uploads\/2022\/09\/309341948_1127311561543843_7007936236672770379_n-768x431.jpg 768w, https:\/\/www.legendessochic.fr\/wp-content\/uploads\/2022\/09\/309341948_1127311561543843_7007936236672770379_n-600x337.jpg 600w, https:\/\/www.legendessochic.fr\/wp-content\/uploads\/2022\/09\/309341948_1127311561543843_7007936236672770379_n.jpg 1246w\" sizes=\"auto, (max-width: 1024px) 100vw, 1024px\" \/><\/figure>\n\n\n\n<figure class=\"wp-block-image size-large\"><img loading=\"lazy\" decoding=\"async\" width=\"768\" height=\"1024\" src=\"https:\/\/www.legendessochic.fr\/wp-content\/uploads\/2022\/09\/309297439_1076930103026228_4701331032816127212_n-768x1024.jpg\" alt=\"\" class=\"wp-image-388\" srcset=\"https:\/\/www.legendessochic.fr\/wp-content\/uploads\/2022\/09\/309297439_1076930103026228_4701331032816127212_n-768x1024.jpg 768w, https:\/\/www.legendessochic.fr\/wp-content\/uploads\/2022\/09\/309297439_1076930103026228_4701331032816127212_n-225x300.jpg 225w, https:\/\/www.legendessochic.fr\/wp-content\/uploads\/2022\/09\/309297439_1076930103026228_4701331032816127212_n-300x400.jpg 300w, https:\/\/www.legendessochic.fr\/wp-content\/uploads\/2022\/09\/309297439_1076930103026228_4701331032816127212_n-1152x1536.jpg 1152w, https:\/\/www.legendessochic.fr\/wp-content\/uploads\/2022\/09\/309297439_1076930103026228_4701331032816127212_n-600x800.jpg 600w, https:\/\/www.legendessochic.fr\/wp-content\/uploads\/2022\/09\/309297439_1076930103026228_4701331032816127212_n.jpg 1536w\" sizes=\"auto, (max-width: 768px) 100vw, 768px\" \/><\/figure>\n\n\n\n<p><\/p>\n\n\n\n<figure class=\"wp-block-image size-large\"><img loading=\"lazy\" decoding=\"async\" width=\"1024\" height=\"741\" src=\"https:\/\/www.legendessochic.fr\/wp-content\/uploads\/2023\/01\/AB5A0009-1024x741.jpg\" alt=\"\" class=\"wp-image-431\" srcset=\"https:\/\/www.legendessochic.fr\/wp-content\/uploads\/2023\/01\/AB5A0009-1024x741.jpg 1024w, https:\/\/www.legendessochic.fr\/wp-content\/uploads\/2023\/01\/AB5A0009-300x217.jpg 300w, https:\/\/www.legendessochic.fr\/wp-content\/uploads\/2023\/01\/AB5A0009-768x556.jpg 768w, https:\/\/www.legendessochic.fr\/wp-content\/uploads\/2023\/01\/AB5A0009-1536x1112.jpg 1536w, https:\/\/www.legendessochic.fr\/wp-content\/uploads\/2023\/01\/AB5A0009-2048x1483.jpg 2048w, https:\/\/www.legendessochic.fr\/wp-content\/uploads\/2023\/01\/AB5A0009-24x17.jpg 24w, https:\/\/www.legendessochic.fr\/wp-content\/uploads\/2023\/01\/AB5A0009-36x26.jpg 36w, https:\/\/www.legendessochic.fr\/wp-content\/uploads\/2023\/01\/AB5A0009-48x35.jpg 48w\" sizes=\"auto, (max-width: 1024px) 100vw, 1024px\" \/><\/figure>\n\n\n\n<figure class=\"wp-block-image size-large\"><img loading=\"lazy\" decoding=\"async\" width=\"1024\" height=\"618\" src=\"https:\/\/www.legendessochic.fr\/wp-content\/uploads\/2023\/01\/AB5A0508-1024x618.jpg\" alt=\"\" class=\"wp-image-432\" srcset=\"https:\/\/www.legendessochic.fr\/wp-content\/uploads\/2023\/01\/AB5A0508-1024x618.jpg 1024w, https:\/\/www.legendessochic.fr\/wp-content\/uploads\/2023\/01\/AB5A0508-300x181.jpg 300w, https:\/\/www.legendessochic.fr\/wp-content\/uploads\/2023\/01\/AB5A0508-768x464.jpg 768w, https:\/\/www.legendessochic.fr\/wp-content\/uploads\/2023\/01\/AB5A0508-1536x927.jpg 1536w, https:\/\/www.legendessochic.fr\/wp-content\/uploads\/2023\/01\/AB5A0508-2048x1237.jpg 2048w, https:\/\/www.legendessochic.fr\/wp-content\/uploads\/2023\/01\/AB5A0508-24x14.jpg 24w, https:\/\/www.legendessochic.fr\/wp-content\/uploads\/2023\/01\/AB5A0508-36x22.jpg 36w, https:\/\/www.legendessochic.fr\/wp-content\/uploads\/2023\/01\/AB5A0508-48x29.jpg 48w\" sizes=\"auto, (max-width: 1024px) 100vw, 1024px\" \/><\/figure>\n","protected":false},"excerpt":{"rendered":"<p>Le groupe So Chic d\u00e9barque avec son \u00ab\u00a0Top 50\u00a0\u00bb, un spectacle live explosif qui revisite les plus grands tubes des ann\u00e9es 80 \/90 et bien plus encore ! Des hit inoubliables, des chor\u00e9graphies enflamm\u00e9es, une \u00e9nergie d\u00e9bordante &#8230;TOP 50, c&rsquo;est bien plus qu&rsquo;un spectacle, c&rsquo;est une machine \u00e0 remonter le temps, version dancefloor !<\/p>\n","protected":false},"author":2,"featured_media":0,"parent":0,"menu_order":3,"comment_status":"closed","ping_status":"closed","template":"","meta":{"footnotes":""},"class_list":["post-22","page","type-page","status-publish","hentry"],"yoast_head":"<!-- This site is optimized with the Yoast SEO plugin v27.5 - https:\/\/yoast.com\/product\/yoast-seo-wordpress\/ -->\n<title>le bistrot fait son top 50 - So Chic Events<\/title>\n<meta name=\"robots\" content=\"index, follow, max-snippet:-1, max-image-preview:large, max-video-preview:-1\" \/>\n<link rel=\"canonical\" href=\"https:\/\/www.legendessochic.fr\/?page_id=22\" \/>\n<meta property=\"og:locale\" content=\"fr_FR\" \/>\n<meta property=\"og:type\" content=\"article\" \/>\n<meta property=\"og:title\" content=\"le bistrot fait son top 50 - So Chic Events\" \/>\n<meta property=\"og:description\" content=\"Le groupe So Chic d\u00e9barque avec son \u00ab\u00a0Top 50\u00a0\u00bb, un spectacle live explosif qui revisite les plus grands tubes des ann\u00e9es 80 \/90 et bien plus encore ! Des hit inoubliables, des chor\u00e9graphies enflamm\u00e9es, une \u00e9nergie d\u00e9bordante &#8230;TOP 50, c&rsquo;est bien plus qu&rsquo;un spectacle, c&rsquo;est une machine \u00e0 remonter le temps, version dancefloor !\" \/>\n<meta property=\"og:url\" content=\"https:\/\/www.legendessochic.fr\/?page_id=22\" \/>\n<meta property=\"og:site_name\" content=\"So Chic Events\" \/>\n<meta property=\"article:publisher\" content=\"https:\/\/www.facebook.com\/So-chic-294537447409202\" \/>\n<meta property=\"article:modified_time\" content=\"2025-08-28T15:42:06+00:00\" \/>\n<meta property=\"og:image\" content=\"https:\/\/www.legendessochic.fr\/wp-content\/uploads\/2025\/08\/AB5A0786-1024x683.jpg\" \/>\n\t<meta property=\"og:image:width\" content=\"1024\" \/>\n\t<meta property=\"og:image:height\" content=\"683\" \/>\n\t<meta property=\"og:image:type\" content=\"image\/jpeg\" \/>\n<meta name=\"twitter:card\" content=\"summary_large_image\" \/>\n<meta name=\"twitter:label1\" content=\"Dur\u00e9e de lecture estim\u00e9e\" \/>\n\t<meta name=\"twitter:data1\" content=\"2 minutes\" \/>\n<script type=\"application\/ld+json\" class=\"yoast-schema-graph\">{\"@context\":\"https:\\\/\\\/schema.org\",\"@graph\":[{\"@type\":\"WebPage\",\"@id\":\"https:\\\/\\\/www.legendessochic.fr\\\/?page_id=22\",\"url\":\"https:\\\/\\\/www.legendessochic.fr\\\/?page_id=22\",\"name\":\"le bistrot fait son top 50 - So Chic Events\",\"isPartOf\":{\"@id\":\"https:\\\/\\\/www.legendessochic.fr\\\/#website\"},\"primaryImageOfPage\":{\"@id\":\"https:\\\/\\\/www.legendessochic.fr\\\/?page_id=22#primaryimage\"},\"image\":{\"@id\":\"https:\\\/\\\/www.legendessochic.fr\\\/?page_id=22#primaryimage\"},\"thumbnailUrl\":\"https:\\\/\\\/www.legendessochic.fr\\\/wp-content\\\/uploads\\\/2025\\\/08\\\/AB5A0786-1024x683.jpg\",\"datePublished\":\"2020-08-20T11:10:28+00:00\",\"dateModified\":\"2025-08-28T15:42:06+00:00\",\"breadcrumb\":{\"@id\":\"https:\\\/\\\/www.legendessochic.fr\\\/?page_id=22#breadcrumb\"},\"inLanguage\":\"fr-FR\",\"potentialAction\":[{\"@type\":\"ReadAction\",\"target\":[\"https:\\\/\\\/www.legendessochic.fr\\\/?page_id=22\"]}]},{\"@type\":\"ImageObject\",\"inLanguage\":\"fr-FR\",\"@id\":\"https:\\\/\\\/www.legendessochic.fr\\\/?page_id=22#primaryimage\",\"url\":\"https:\\\/\\\/www.legendessochic.fr\\\/wp-content\\\/uploads\\\/2025\\\/08\\\/AB5A0786.jpg\",\"contentUrl\":\"https:\\\/\\\/www.legendessochic.fr\\\/wp-content\\\/uploads\\\/2025\\\/08\\\/AB5A0786.jpg\",\"width\":5472,\"height\":3648},{\"@type\":\"BreadcrumbList\",\"@id\":\"https:\\\/\\\/www.legendessochic.fr\\\/?page_id=22#breadcrumb\",\"itemListElement\":[{\"@type\":\"ListItem\",\"position\":1,\"name\":\"Accueil\",\"item\":\"https:\\\/\\\/www.legendessochic.fr\\\/\"},{\"@type\":\"ListItem\",\"position\":2,\"name\":\"le bistrot fait son top 50\"}]},{\"@type\":\"WebSite\",\"@id\":\"https:\\\/\\\/www.legendessochic.fr\\\/#website\",\"url\":\"https:\\\/\\\/www.legendessochic.fr\\\/\",\"name\":\"Legendessochic\",\"description\":\"\",\"publisher\":{\"@id\":\"https:\\\/\\\/www.legendessochic.fr\\\/#organization\"},\"potentialAction\":[{\"@type\":\"SearchAction\",\"target\":{\"@type\":\"EntryPoint\",\"urlTemplate\":\"https:\\\/\\\/www.legendessochic.fr\\\/?s={search_term_string}\"},\"query-input\":{\"@type\":\"PropertyValueSpecification\",\"valueRequired\":true,\"valueName\":\"search_term_string\"}}],\"inLanguage\":\"fr-FR\"},{\"@type\":\"Organization\",\"@id\":\"https:\\\/\\\/www.legendessochic.fr\\\/#organization\",\"name\":\"So Chic events\",\"url\":\"https:\\\/\\\/www.legendessochic.fr\\\/\",\"logo\":{\"@type\":\"ImageObject\",\"inLanguage\":\"fr-FR\",\"@id\":\"https:\\\/\\\/www.legendessochic.fr\\\/#\\\/schema\\\/logo\\\/image\\\/\",\"url\":\"https:\\\/\\\/www.legendessochic.fr\\\/wp-content\\\/uploads\\\/2020\\\/08\\\/cropped-Logo-2.png\",\"contentUrl\":\"https:\\\/\\\/www.legendessochic.fr\\\/wp-content\\\/uploads\\\/2020\\\/08\\\/cropped-Logo-2.png\",\"width\":1697,\"height\":500,\"caption\":\"So Chic events\"},\"image\":{\"@id\":\"https:\\\/\\\/www.legendessochic.fr\\\/#\\\/schema\\\/logo\\\/image\\\/\"},\"sameAs\":[\"https:\\\/\\\/www.facebook.com\\\/So-chic-294537447409202\"]}]}<\/script>\n<!-- \/ Yoast SEO plugin. -->","yoast_head_json":{"title":"le bistrot fait son top 50 - So Chic Events","robots":{"index":"index","follow":"follow","max-snippet":"max-snippet:-1","max-image-preview":"max-image-preview:large","max-video-preview":"max-video-preview:-1"},"canonical":"https:\/\/www.legendessochic.fr\/?page_id=22","og_locale":"fr_FR","og_type":"article","og_title":"le bistrot fait son top 50 - So Chic Events","og_description":"Le groupe So Chic d\u00e9barque avec son \u00ab\u00a0Top 50\u00a0\u00bb, un spectacle live explosif qui revisite les plus grands tubes des ann\u00e9es 80 \/90 et bien plus encore ! Des hit inoubliables, des chor\u00e9graphies enflamm\u00e9es, une \u00e9nergie d\u00e9bordante &#8230;TOP 50, c&rsquo;est bien plus qu&rsquo;un spectacle, c&rsquo;est une machine \u00e0 remonter le temps, version dancefloor !","og_url":"https:\/\/www.legendessochic.fr\/?page_id=22","og_site_name":"So Chic Events","article_publisher":"https:\/\/www.facebook.com\/So-chic-294537447409202","article_modified_time":"2025-08-28T15:42:06+00:00","og_image":[{"width":1024,"height":683,"url":"https:\/\/www.legendessochic.fr\/wp-content\/uploads\/2025\/08\/AB5A0786-1024x683.jpg","type":"image\/jpeg"}],"twitter_card":"summary_large_image","twitter_misc":{"Dur\u00e9e de lecture estim\u00e9e":"2 minutes"},"schema":{"@context":"https:\/\/schema.org","@graph":[{"@type":"WebPage","@id":"https:\/\/www.legendessochic.fr\/?page_id=22","url":"https:\/\/www.legendessochic.fr\/?page_id=22","name":"le bistrot fait son top 50 - So Chic Events","isPartOf":{"@id":"https:\/\/www.legendessochic.fr\/#website"},"primaryImageOfPage":{"@id":"https:\/\/www.legendessochic.fr\/?page_id=22#primaryimage"},"image":{"@id":"https:\/\/www.legendessochic.fr\/?page_id=22#primaryimage"},"thumbnailUrl":"https:\/\/www.legendessochic.fr\/wp-content\/uploads\/2025\/08\/AB5A0786-1024x683.jpg","datePublished":"2020-08-20T11:10:28+00:00","dateModified":"2025-08-28T15:42:06+00:00","breadcrumb":{"@id":"https:\/\/www.legendessochic.fr\/?page_id=22#breadcrumb"},"inLanguage":"fr-FR","potentialAction":[{"@type":"ReadAction","target":["https:\/\/www.legendessochic.fr\/?page_id=22"]}]},{"@type":"ImageObject","inLanguage":"fr-FR","@id":"https:\/\/www.legendessochic.fr\/?page_id=22#primaryimage","url":"https:\/\/www.legendessochic.fr\/wp-content\/uploads\/2025\/08\/AB5A0786.jpg","contentUrl":"https:\/\/www.legendessochic.fr\/wp-content\/uploads\/2025\/08\/AB5A0786.jpg","width":5472,"height":3648},{"@type":"BreadcrumbList","@id":"https:\/\/www.legendessochic.fr\/?page_id=22#breadcrumb","itemListElement":[{"@type":"ListItem","position":1,"name":"Accueil","item":"https:\/\/www.legendessochic.fr\/"},{"@type":"ListItem","position":2,"name":"le bistrot fait son top 50"}]},{"@type":"WebSite","@id":"https:\/\/www.legendessochic.fr\/#website","url":"https:\/\/www.legendessochic.fr\/","name":"Legendessochic","description":"","publisher":{"@id":"https:\/\/www.legendessochic.fr\/#organization"},"potentialAction":[{"@type":"SearchAction","target":{"@type":"EntryPoint","urlTemplate":"https:\/\/www.legendessochic.fr\/?s={search_term_string}"},"query-input":{"@type":"PropertyValueSpecification","valueRequired":true,"valueName":"search_term_string"}}],"inLanguage":"fr-FR"},{"@type":"Organization","@id":"https:\/\/www.legendessochic.fr\/#organization","name":"So Chic events","url":"https:\/\/www.legendessochic.fr\/","logo":{"@type":"ImageObject","inLanguage":"fr-FR","@id":"https:\/\/www.legendessochic.fr\/#\/schema\/logo\/image\/","url":"https:\/\/www.legendessochic.fr\/wp-content\/uploads\/2020\/08\/cropped-Logo-2.png","contentUrl":"https:\/\/www.legendessochic.fr\/wp-content\/uploads\/2020\/08\/cropped-Logo-2.png","width":1697,"height":500,"caption":"So Chic events"},"image":{"@id":"https:\/\/www.legendessochic.fr\/#\/schema\/logo\/image\/"},"sameAs":["https:\/\/www.facebook.com\/So-chic-294537447409202"]}]}},"jetpack_sharing_enabled":true,"_links":{"self":[{"href":"https:\/\/www.legendessochic.fr\/index.php?rest_route=\/wp\/v2\/pages\/22","targetHints":{"allow":["GET"]}}],"collection":[{"href":"https:\/\/www.legendessochic.fr\/index.php?rest_route=\/wp\/v2\/pages"}],"about":[{"href":"https:\/\/www.legendessochic.fr\/index.php?rest_route=\/wp\/v2\/types\/page"}],"author":[{"embeddable":true,"href":"https:\/\/www.legendessochic.fr\/index.php?rest_route=\/wp\/v2\/users\/2"}],"replies":[{"embeddable":true,"href":"https:\/\/www.legendessochic.fr\/index.php?rest_route=%2Fwp%2Fv2%2Fcomments&post=22"}],"version-history":[{"count":14,"href":"https:\/\/www.legendessochic.fr\/index.php?rest_route=\/wp\/v2\/pages\/22\/revisions"}],"predecessor-version":[{"id":529,"href":"https:\/\/www.legendessochic.fr\/index.php?rest_route=\/wp\/v2\/pages\/22\/revisions\/529"}],"wp:attachment":[{"href":"https:\/\/www.legendessochic.fr\/index.php?rest_route=%2Fwp%2Fv2%2Fmedia&parent=22"}],"curies":[{"name":"wp","href":"https:\/\/api.w.org\/{rel}","templated":true}]}}