{"id":273,"date":"2020-12-01T18:46:27","date_gmt":"2020-12-01T17:46:27","guid":{"rendered":"https:\/\/www.legendessochic.fr\/?page_id=273"},"modified":"2021-11-13T15:17:16","modified_gmt":"2021-11-13T14:17:16","slug":"evenements","status":"publish","type":"page","link":"https:\/\/www.legendessochic.fr\/?page_id=273","title":{"rendered":"Ev\u00e8nements"},"content":{"rendered":"\n<p>Bonjour, <\/p>\n\n\n\n<p>Voici les dates de nos evenement : <\/p>\n\n\n\n<p>2 juillet mably atelier des marchands duo so chic <\/p>\n\n\n\n<p>3 juillet mariage <\/p>\n\n\n\n<p>10 juillet st hilaire ss Charlieu\u00a0\u00bblebistrot des l\u00e9gendes version courte \u00a0\u00bb <\/p>\n\n\n\n<p>11 juillet lalizolle duo so chic <\/p>\n\n\n\n<p>13 juillet cuzieu le bistrot fait sa Dance party <\/p>\n\n\n\n<p>14 juillet vougy le bistrot fait sa Dance party <\/p>\n\n\n\n<p>17 juillet mariage <\/p>\n\n\n\n<p>20 juillet ebreuil le bistrot fait sa Dance party <\/p>\n\n\n\n<p>24 juillet mariage <\/p>\n\n\n\n<p>26 juillet camping villerest duo so chic <\/p>\n\n\n\n<p>2 ao\u00fbt camping villerest duo so chic <\/p>\n\n\n\n<p>6 ao\u00fbt atelier des marchands mably duo so chic <\/p>\n\n\n\n<p>8 ao\u00fbt mariage <\/p>\n\n\n\n<p>10 ao\u00fbt ebreuil le bistro fait sa Dance party <\/p>\n\n\n\n<p>14 ao\u00fbt St Didier en donjon groupe so chic and co <\/p>\n\n\n\n<p>22 ao\u00fbt montagny duo so chic <\/p>\n\n\n\n<p>28 ao\u00fbt groupe so chic and co St nizier ss Charlieu <\/p>\n\n\n\n<p>4 septembre groupe so chic and co St bonnet de cray <\/p>\n\n\n\n<p>18 septembre le lion d or St Andr\u00e9 d apchon duo so chic <\/p>\n\n\n\n<p>23 septembre groupe so chic and co Clermont Ferrand repas de gala <\/p>\n\n\n\n<p>2 octobre soir\u00e9e priv\u00e9e <\/p>\n\n\n\n<p>16 octobre spectacle le bistrot des l\u00e9gendes \u00e0 St forgeux lespinasse <\/p>\n\n\n\n<p>17 octobre le bistrot des l\u00e9gendes \u00e0 St forgeux lespinasse <\/p>\n\n\n\n<p>6 novembre groupe so chic and co digoin repas de gala<\/p>\n\n\n\n<p>13 novembre f\u00eate des classes amions st Paul de vezelin<\/p>\n\n\n\n<p>21 22 novembre spectacle le bistrot des l\u00e9gendes servant<\/p>\n\n\n\n<p>31 d\u00e9cembre spectacle le bistrot des l\u00e9gendes \u00e0 St forgeux lespinasse<\/p>\n","protected":false},"excerpt":{"rendered":"<p>Bonjour, Voici les dates de nos evenement : 2 juillet mably atelier des marchands duo so chic 3 juillet mariage 10 juillet st hilaire ss Charlieu\u00a0\u00bblebistrot des l\u00e9gendes version courte \u00a0\u00bb 11 juillet lalizolle duo so chic 13 juillet cuzieu le bistrot fait sa Dance party 14 juillet vougy le bistrot fait sa Dance party <a href=\"https:\/\/www.legendessochic.fr\/?page_id=273\" class=\"more-link\">&#8230;<span class=\"screen-reader-text\">  Ev\u00e8nements<\/span><\/a><\/p>\n","protected":false},"author":2,"featured_media":0,"parent":0,"menu_order":0,"comment_status":"closed","ping_status":"closed","template":"","meta":{"footnotes":""},"class_list":["post-273","page","type-page","status-publish","hentry"],"yoast_head":"<!-- This site is optimized with the Yoast SEO plugin v27.5 - https:\/\/yoast.com\/product\/yoast-seo-wordpress\/ -->\n<title>Ev\u00e8nements - So Chic Events<\/title>\n<meta name=\"robots\" content=\"index, follow, max-snippet:-1, max-image-preview:large, max-video-preview:-1\" \/>\n<link rel=\"canonical\" href=\"https:\/\/www.legendessochic.fr\/?page_id=273\" \/>\n<meta property=\"og:locale\" content=\"fr_FR\" \/>\n<meta property=\"og:type\" content=\"article\" \/>\n<meta property=\"og:title\" content=\"Ev\u00e8nements - So Chic Events\" \/>\n<meta property=\"og:description\" content=\"Bonjour, Voici les dates de nos evenement : 2 juillet mably atelier des marchands duo so chic 3 juillet mariage 10 juillet st hilaire ss Charlieu\u00a0\u00bblebistrot des l\u00e9gendes version courte \u00a0\u00bb 11 juillet lalizolle duo so chic 13 juillet cuzieu le bistrot fait sa Dance party 14 juillet vougy le bistrot fait sa Dance party ... Ev\u00e8nements\" \/>\n<meta property=\"og:url\" content=\"https:\/\/www.legendessochic.fr\/?page_id=273\" \/>\n<meta property=\"og:site_name\" content=\"So Chic Events\" \/>\n<meta property=\"article:publisher\" content=\"https:\/\/www.facebook.com\/So-chic-294537447409202\" \/>\n<meta property=\"article:modified_time\" content=\"2021-11-13T14:17:16+00:00\" \/>\n<meta name=\"twitter:card\" content=\"summary_large_image\" \/>\n<meta name=\"twitter:label1\" content=\"Dur\u00e9e de lecture estim\u00e9e\" \/>\n\t<meta name=\"twitter:data1\" content=\"2 minutes\" \/>\n<script type=\"application\/ld+json\" class=\"yoast-schema-graph\">{\"@context\":\"https:\\\/\\\/schema.org\",\"@graph\":[{\"@type\":\"WebPage\",\"@id\":\"https:\\\/\\\/www.legendessochic.fr\\\/?page_id=273\",\"url\":\"https:\\\/\\\/www.legendessochic.fr\\\/?page_id=273\",\"name\":\"Ev\u00e8nements - So Chic Events\",\"isPartOf\":{\"@id\":\"https:\\\/\\\/www.legendessochic.fr\\\/#website\"},\"datePublished\":\"2020-12-01T17:46:27+00:00\",\"dateModified\":\"2021-11-13T14:17:16+00:00\",\"breadcrumb\":{\"@id\":\"https:\\\/\\\/www.legendessochic.fr\\\/?page_id=273#breadcrumb\"},\"inLanguage\":\"fr-FR\",\"potentialAction\":[{\"@type\":\"ReadAction\",\"target\":[\"https:\\\/\\\/www.legendessochic.fr\\\/?page_id=273\"]}]},{\"@type\":\"BreadcrumbList\",\"@id\":\"https:\\\/\\\/www.legendessochic.fr\\\/?page_id=273#breadcrumb\",\"itemListElement\":[{\"@type\":\"ListItem\",\"position\":1,\"name\":\"Accueil\",\"item\":\"https:\\\/\\\/www.legendessochic.fr\\\/\"},{\"@type\":\"ListItem\",\"position\":2,\"name\":\"Ev\u00e8nements\"}]},{\"@type\":\"WebSite\",\"@id\":\"https:\\\/\\\/www.legendessochic.fr\\\/#website\",\"url\":\"https:\\\/\\\/www.legendessochic.fr\\\/\",\"name\":\"Legendessochic\",\"description\":\"\",\"publisher\":{\"@id\":\"https:\\\/\\\/www.legendessochic.fr\\\/#organization\"},\"potentialAction\":[{\"@type\":\"SearchAction\",\"target\":{\"@type\":\"EntryPoint\",\"urlTemplate\":\"https:\\\/\\\/www.legendessochic.fr\\\/?s={search_term_string}\"},\"query-input\":{\"@type\":\"PropertyValueSpecification\",\"valueRequired\":true,\"valueName\":\"search_term_string\"}}],\"inLanguage\":\"fr-FR\"},{\"@type\":\"Organization\",\"@id\":\"https:\\\/\\\/www.legendessochic.fr\\\/#organization\",\"name\":\"So Chic events\",\"url\":\"https:\\\/\\\/www.legendessochic.fr\\\/\",\"logo\":{\"@type\":\"ImageObject\",\"inLanguage\":\"fr-FR\",\"@id\":\"https:\\\/\\\/www.legendessochic.fr\\\/#\\\/schema\\\/logo\\\/image\\\/\",\"url\":\"https:\\\/\\\/www.legendessochic.fr\\\/wp-content\\\/uploads\\\/2020\\\/08\\\/cropped-Logo-2.png\",\"contentUrl\":\"https:\\\/\\\/www.legendessochic.fr\\\/wp-content\\\/uploads\\\/2020\\\/08\\\/cropped-Logo-2.png\",\"width\":1697,\"height\":500,\"caption\":\"So Chic events\"},\"image\":{\"@id\":\"https:\\\/\\\/www.legendessochic.fr\\\/#\\\/schema\\\/logo\\\/image\\\/\"},\"sameAs\":[\"https:\\\/\\\/www.facebook.com\\\/So-chic-294537447409202\"]}]}<\/script>\n<!-- \/ Yoast SEO plugin. -->","yoast_head_json":{"title":"Ev\u00e8nements - So Chic Events","robots":{"index":"index","follow":"follow","max-snippet":"max-snippet:-1","max-image-preview":"max-image-preview:large","max-video-preview":"max-video-preview:-1"},"canonical":"https:\/\/www.legendessochic.fr\/?page_id=273","og_locale":"fr_FR","og_type":"article","og_title":"Ev\u00e8nements - So Chic Events","og_description":"Bonjour, Voici les dates de nos evenement : 2 juillet mably atelier des marchands duo so chic 3 juillet mariage 10 juillet st hilaire ss Charlieu\u00a0\u00bblebistrot des l\u00e9gendes version courte \u00a0\u00bb 11 juillet lalizolle duo so chic 13 juillet cuzieu le bistrot fait sa Dance party 14 juillet vougy le bistrot fait sa Dance party ... Ev\u00e8nements","og_url":"https:\/\/www.legendessochic.fr\/?page_id=273","og_site_name":"So Chic Events","article_publisher":"https:\/\/www.facebook.com\/So-chic-294537447409202","article_modified_time":"2021-11-13T14:17:16+00:00","twitter_card":"summary_large_image","twitter_misc":{"Dur\u00e9e de lecture estim\u00e9e":"2 minutes"},"schema":{"@context":"https:\/\/schema.org","@graph":[{"@type":"WebPage","@id":"https:\/\/www.legendessochic.fr\/?page_id=273","url":"https:\/\/www.legendessochic.fr\/?page_id=273","name":"Ev\u00e8nements - So Chic Events","isPartOf":{"@id":"https:\/\/www.legendessochic.fr\/#website"},"datePublished":"2020-12-01T17:46:27+00:00","dateModified":"2021-11-13T14:17:16+00:00","breadcrumb":{"@id":"https:\/\/www.legendessochic.fr\/?page_id=273#breadcrumb"},"inLanguage":"fr-FR","potentialAction":[{"@type":"ReadAction","target":["https:\/\/www.legendessochic.fr\/?page_id=273"]}]},{"@type":"BreadcrumbList","@id":"https:\/\/www.legendessochic.fr\/?page_id=273#breadcrumb","itemListElement":[{"@type":"ListItem","position":1,"name":"Accueil","item":"https:\/\/www.legendessochic.fr\/"},{"@type":"ListItem","position":2,"name":"Ev\u00e8nements"}]},{"@type":"WebSite","@id":"https:\/\/www.legendessochic.fr\/#website","url":"https:\/\/www.legendessochic.fr\/","name":"Legendessochic","description":"","publisher":{"@id":"https:\/\/www.legendessochic.fr\/#organization"},"potentialAction":[{"@type":"SearchAction","target":{"@type":"EntryPoint","urlTemplate":"https:\/\/www.legendessochic.fr\/?s={search_term_string}"},"query-input":{"@type":"PropertyValueSpecification","valueRequired":true,"valueName":"search_term_string"}}],"inLanguage":"fr-FR"},{"@type":"Organization","@id":"https:\/\/www.legendessochic.fr\/#organization","name":"So Chic events","url":"https:\/\/www.legendessochic.fr\/","logo":{"@type":"ImageObject","inLanguage":"fr-FR","@id":"https:\/\/www.legendessochic.fr\/#\/schema\/logo\/image\/","url":"https:\/\/www.legendessochic.fr\/wp-content\/uploads\/2020\/08\/cropped-Logo-2.png","contentUrl":"https:\/\/www.legendessochic.fr\/wp-content\/uploads\/2020\/08\/cropped-Logo-2.png","width":1697,"height":500,"caption":"So Chic events"},"image":{"@id":"https:\/\/www.legendessochic.fr\/#\/schema\/logo\/image\/"},"sameAs":["https:\/\/www.facebook.com\/So-chic-294537447409202"]}]}},"jetpack_sharing_enabled":true,"_links":{"self":[{"href":"https:\/\/www.legendessochic.fr\/index.php?rest_route=\/wp\/v2\/pages\/273","targetHints":{"allow":["GET"]}}],"collection":[{"href":"https:\/\/www.legendessochic.fr\/index.php?rest_route=\/wp\/v2\/pages"}],"about":[{"href":"https:\/\/www.legendessochic.fr\/index.php?rest_route=\/wp\/v2\/types\/page"}],"author":[{"embeddable":true,"href":"https:\/\/www.legendessochic.fr\/index.php?rest_route=\/wp\/v2\/users\/2"}],"replies":[{"embeddable":true,"href":"https:\/\/www.legendessochic.fr\/index.php?rest_route=%2Fwp%2Fv2%2Fcomments&post=273"}],"version-history":[{"count":3,"href":"https:\/\/www.legendessochic.fr\/index.php?rest_route=\/wp\/v2\/pages\/273\/revisions"}],"predecessor-version":[{"id":312,"href":"https:\/\/www.legendessochic.fr\/index.php?rest_route=\/wp\/v2\/pages\/273\/revisions\/312"}],"wp:attachment":[{"href":"https:\/\/www.legendessochic.fr\/index.php?rest_route=%2Fwp%2Fv2%2Fmedia&parent=273"}],"curies":[{"name":"wp","href":"https:\/\/api.w.org\/{rel}","templated":true}]}}